{"id":124131,"date":"2022-07-25T16:49:21","date_gmt":"2022-07-25T14:49:21","guid":{"rendered":"https:\/\/bizcoords.com\/product\/shelby-f150-super-snake-2017-oxford-white\/"},"modified":"2022-07-25T16:49:21","modified_gmt":"2022-07-25T14:49:21","slug":"shelby-f150-super-snake-2017-oxford-white","status":"publish","type":"product","link":"https:\/\/bizcoords.com\/en\/product\/shelby-f150-super-snake-2017-oxford-white\/","title":{"rendered":"SHELBY F150 SUPER SNAKE 2017 OXFORD WHITE"},"content":{"rendered":"<p>Kamionet Ford F-150 dizajniran za stazu? To bi moglo definirati Shelby F150 Super Snake. Ameri\u010dki proizvo\u0111a\u010d Shelby preuzeo je vo\u0111u ameri\u010dkog tr\u017ei\u0161ta ovom brutalnom verzijom automobila! Dizajniran za utrke, Shelby F150 Super Snake privla\u010di sve benzinske glave svojim agresivnim izgledom. Njegov prednji \u0161titnik potpuno je redizajniran, usis zraka i na poklopcu motora, dodano je nekoliko spojlera, 22-in\u010dni kota\u010di, mali razmak od tla: to je dovoljno da omiljenom ameri\u010dkom pick-up-u ponudi bestijalni aspekt. Shelby F150 Super Snake vrlo je ograni\u010deno izdanje (150 jedinica) koji slavi 50 godina Shelby Super Snake vozila.<\/p>\n","protected":false},"excerpt":{"rendered":"<p>Kamionet Ford F-150 dizajniran za stazu? To bi moglo definirati Shelby F150 Super Snake. Ameri\u010dki proizvo\u0111a\u010d Shelby preuzeo je vo\u0111u ameri\u010dkog tr\u017ei\u0161ta ovom brutalnom verzijom automobila! Dizajniran za utrke, Shelby F150 Super Snake privla\u010di sve benzinske glave svojim agresivnim izgledom. Njegov prednji \u0161titnik potpuno je redizajniran, usis zraka i na poklopcu motora, dodano je nekoliko [&hellip;]Size: 1\/18 <\/p><\/div>\n","protected":false},"featured_media":124133,"comment_status":"closed","ping_status":"closed","template":"","meta":{"_acf_changed":false,"ocean_post_layout":"","ocean_both_sidebars_style":"","ocean_both_sidebars_content_width":0,"ocean_both_sidebars_sidebars_width":0,"ocean_sidebar":"","ocean_second_sidebar":"","ocean_disable_margins":"enable","ocean_add_body_class":"","ocean_shortcode_before_top_bar":"","ocean_shortcode_after_top_bar":"","ocean_shortcode_before_header":"","ocean_shortcode_after_header":"","ocean_has_shortcode":"","ocean_shortcode_after_title":"","ocean_shortcode_before_footer_widgets":"","ocean_shortcode_after_footer_widgets":"","ocean_shortcode_before_footer_bottom":"","ocean_shortcode_after_footer_bottom":"","ocean_display_top_bar":"default","ocean_display_header":"default","ocean_header_style":"","ocean_center_header_left_menu":"","ocean_custom_header_template":"","ocean_custom_logo":0,"ocean_custom_retina_logo":0,"ocean_custom_logo_max_width":0,"ocean_custom_logo_tablet_max_width":0,"ocean_custom_logo_mobile_max_width":0,"ocean_custom_logo_max_height":0,"ocean_custom_logo_tablet_max_height":0,"ocean_custom_logo_mobile_max_height":0,"ocean_header_custom_menu":"","ocean_menu_typo_font_family":"","ocean_menu_typo_font_subset":"","ocean_menu_typo_font_size":0,"ocean_menu_typo_font_size_tablet":0,"ocean_menu_typo_font_size_mobile":0,"ocean_menu_typo_font_size_unit":"px","ocean_menu_typo_font_weight":"","ocean_menu_typo_font_weight_tablet":"","ocean_menu_typo_font_weight_mobile":"","ocean_menu_typo_transform":"","ocean_menu_typo_transform_tablet":"","ocean_menu_typo_transform_mobile":"","ocean_menu_typo_line_height":0,"ocean_menu_typo_line_height_tablet":0,"ocean_menu_typo_line_height_mobile":0,"ocean_menu_typo_line_height_unit":"","ocean_menu_typo_spacing":0,"ocean_menu_typo_spacing_tablet":0,"ocean_menu_typo_spacing_mobile":0,"ocean_menu_typo_spacing_unit":"","ocean_menu_link_color":"","ocean_menu_link_color_hover":"","ocean_menu_link_color_active":"","ocean_menu_link_background":"","ocean_menu_link_hover_background":"","ocean_menu_link_active_background":"","ocean_menu_social_links_bg":"","ocean_menu_social_hover_links_bg":"","ocean_menu_social_links_color":"","ocean_menu_social_hover_links_color":"","ocean_disable_title":"default","ocean_disable_heading":"default","ocean_post_title":"","ocean_post_subheading":"","ocean_post_title_style":"","ocean_post_title_background_color":"","ocean_post_title_background":0,"ocean_post_title_bg_image_position":"","ocean_post_title_bg_image_attachment":"","ocean_post_title_bg_image_repeat":"","ocean_post_title_bg_image_size":"","ocean_post_title_height":0,"ocean_post_title_bg_overlay":0.5,"ocean_post_title_bg_overlay_color":"","ocean_disable_breadcrumbs":"default","ocean_breadcrumbs_color":"","ocean_breadcrumbs_separator_color":"","ocean_breadcrumbs_links_color":"","ocean_breadcrumbs_links_hover_color":"","ocean_display_footer_widgets":"default","ocean_display_footer_bottom":"default","ocean_custom_footer_template":""},"product_brand":[],"product_cat":[14707],"product_tag":[],"proizvodac":[],"stock_status":[14901],"class_list":{"0":"post-124131","1":"product","2":"type-product","3":"status-publish","4":"has-post-thumbnail","6":"product_cat-cars","7":"pa_brand-shelby","8":"pa_materijal-composite-2","9":"pa_model-f150","10":"pa_sezona-15977","11":"pa_status-prednarudzba","12":"pa_tvornicki-broj-gt824","13":"pa_velicina-1-18","14":"pa_verzija-shelby-f150-super-snake-2017-oxford-white","15":"pa_vrsta-cestovna-vozila","16":"stock_status-out-of-stock-2","18":"entry","19":"has-media","21":"first","22":"outofstock","23":"taxable","24":"shipping-taxable","25":"product-type-simple","26":"has-product-nav","27":"col","28":"span_1_of_1","29":"owp-content-center","30":"owp-thumbs-layout-horizontal","31":"owp-btn-normal","32":"owp-tabs-layout-horizontal"},"acf":[],"yoast_head":"<!-- This site is optimized with the Yoast SEO plugin v27.3 - https:\/\/yoast.com\/product\/yoast-seo-wordpress\/ -->\n<title>SHELBY F150 SUPER SNAKE 2017 OXFORD WHITE - BizCoords<\/title>\n<meta name=\"robots\" content=\"index, follow, max-snippet:-1, max-image-preview:large, max-video-preview:-1\" \/>\n<link rel=\"canonical\" href=\"https:\/\/bizcoords.com\/en\/product\/shelby-f150-super-snake-2017-oxford-white\/\" \/>\n<meta property=\"og:locale\" content=\"en_US\" \/>\n<meta property=\"og:type\" content=\"article\" \/>\n<meta property=\"og:title\" content=\"SHELBY F150 SUPER SNAKE 2017 OXFORD WHITE - BizCoords\" \/>\n<meta property=\"og:description\" content=\"Kamionet Ford F-150 dizajniran za stazu? To bi moglo definirati Shelby F150 Super Snake. Ameri\u010dki proizvo\u0111a\u010d Shelby preuzeo je vo\u0111u ameri\u010dkog tr\u017ei\u0161ta ovom brutalnom verzijom automobila! Dizajniran za utrke, Shelby F150 Super Snake privla\u010di sve benzinske glave svojim agresivnim izgledom. Njegov prednji \u0161titnik potpuno je redizajniran, usis zraka i na poklopcu motora, dodano je nekoliko [&hellip;]Size: 1\/18\" \/>\n<meta property=\"og:url\" content=\"https:\/\/bizcoords.com\/en\/product\/shelby-f150-super-snake-2017-oxford-white\/\" \/>\n<meta property=\"og:site_name\" content=\"BizCoords\" \/>\n<meta property=\"article:publisher\" content=\"https:\/\/www.facebook.com\/carmodelsshop\/\" \/>\n<meta property=\"og:image\" content=\"https:\/\/bizcoords.com\/wp-content\/uploads\/2022\/07\/Baner_v6.jpg\" \/>\n\t<meta property=\"og:image:width\" content=\"1190\" \/>\n\t<meta property=\"og:image:height\" content=\"280\" \/>\n\t<meta property=\"og:image:type\" content=\"image\/jpeg\" \/>\n<meta name=\"twitter:card\" content=\"summary_large_image\" \/>\n<script type=\"application\/ld+json\" class=\"yoast-schema-graph\">{\"@context\":\"https:\\\/\\\/schema.org\",\"@graph\":[{\"@type\":\"WebPage\",\"@id\":\"https:\\\/\\\/bizcoords.com\\\/en\\\/product\\\/shelby-f150-super-snake-2017-oxford-white\\\/\",\"url\":\"https:\\\/\\\/bizcoords.com\\\/en\\\/product\\\/shelby-f150-super-snake-2017-oxford-white\\\/\",\"name\":\"SHELBY F150 SUPER SNAKE 2017 OXFORD WHITE - BizCoords\",\"isPartOf\":{\"@id\":\"https:\\\/\\\/bizcoords.com\\\/en\\\/#website\"},\"primaryImageOfPage\":{\"@id\":\"https:\\\/\\\/bizcoords.com\\\/en\\\/product\\\/shelby-f150-super-snake-2017-oxford-white\\\/#primaryimage\"},\"image\":{\"@id\":\"https:\\\/\\\/bizcoords.com\\\/en\\\/product\\\/shelby-f150-super-snake-2017-oxford-white\\\/#primaryimage\"},\"thumbnailUrl\":\"https:\\\/\\\/bizcoords.com\\\/wp-content\\\/uploads\\\/2022\\\/07\\\/GT824-FL-scaled-1.jpg\",\"datePublished\":\"2022-07-25T14:49:21+00:00\",\"breadcrumb\":{\"@id\":\"https:\\\/\\\/bizcoords.com\\\/en\\\/product\\\/shelby-f150-super-snake-2017-oxford-white\\\/#breadcrumb\"},\"inLanguage\":\"en-US\",\"potentialAction\":[{\"@type\":\"ReadAction\",\"target\":[\"https:\\\/\\\/bizcoords.com\\\/en\\\/product\\\/shelby-f150-super-snake-2017-oxford-white\\\/\"]}]},{\"@type\":\"ImageObject\",\"inLanguage\":\"en-US\",\"@id\":\"https:\\\/\\\/bizcoords.com\\\/en\\\/product\\\/shelby-f150-super-snake-2017-oxford-white\\\/#primaryimage\",\"url\":\"https:\\\/\\\/bizcoords.com\\\/wp-content\\\/uploads\\\/2022\\\/07\\\/GT824-FL-scaled-1.jpg\",\"contentUrl\":\"https:\\\/\\\/bizcoords.com\\\/wp-content\\\/uploads\\\/2022\\\/07\\\/GT824-FL-scaled-1.jpg\",\"width\":2560,\"height\":1706},{\"@type\":\"BreadcrumbList\",\"@id\":\"https:\\\/\\\/bizcoords.com\\\/en\\\/product\\\/shelby-f150-super-snake-2017-oxford-white\\\/#breadcrumb\",\"itemListElement\":[{\"@type\":\"ListItem\",\"position\":1,\"name\":\"Po\u010detna stranica\",\"item\":\"https:\\\/\\\/bizcoords.com\\\/en\\\/shop\\\/\"},{\"@type\":\"ListItem\",\"position\":2,\"name\":\"Shop\",\"item\":\"https:\\\/\\\/bizcoords.com\\\/en\\\/shop\\\/\"},{\"@type\":\"ListItem\",\"position\":3,\"name\":\"SHELBY F150 SUPER SNAKE 2017 OXFORD WHITE\"}]},{\"@type\":\"WebSite\",\"@id\":\"https:\\\/\\\/bizcoords.com\\\/en\\\/#website\",\"url\":\"https:\\\/\\\/bizcoords.com\\\/en\\\/\",\"name\":\"Car models shop\",\"description\":\"Najve\u0107a ponuda modela automobilia u Hrvatskoj\",\"publisher\":{\"@id\":\"https:\\\/\\\/bizcoords.com\\\/en\\\/#organization\"},\"alternateName\":\"Carmodels\",\"potentialAction\":[{\"@type\":\"SearchAction\",\"target\":{\"@type\":\"EntryPoint\",\"urlTemplate\":\"https:\\\/\\\/bizcoords.com\\\/en\\\/?s={search_term_string}\"},\"query-input\":{\"@type\":\"PropertyValueSpecification\",\"valueRequired\":true,\"valueName\":\"search_term_string\"}}],\"inLanguage\":\"en-US\"},{\"@type\":\"Organization\",\"@id\":\"https:\\\/\\\/bizcoords.com\\\/en\\\/#organization\",\"name\":\"Car models shop\",\"url\":\"https:\\\/\\\/bizcoords.com\\\/en\\\/\",\"logo\":{\"@type\":\"ImageObject\",\"inLanguage\":\"en-US\",\"@id\":\"https:\\\/\\\/bizcoords.com\\\/en\\\/#\\\/schema\\\/logo\\\/image\\\/\",\"url\":\"https:\\\/\\\/bizcoords.com\\\/wp-content\\\/uploads\\\/2022\\\/07\\\/logo_v1.png\",\"contentUrl\":\"https:\\\/\\\/bizcoords.com\\\/wp-content\\\/uploads\\\/2022\\\/07\\\/logo_v1.png\",\"width\":728,\"height\":153,\"caption\":\"Car models shop\"},\"image\":{\"@id\":\"https:\\\/\\\/bizcoords.com\\\/en\\\/#\\\/schema\\\/logo\\\/image\\\/\"},\"sameAs\":[\"https:\\\/\\\/www.facebook.com\\\/carmodelsshop\\\/\"]}]}<\/script>\n<!-- \/ Yoast SEO plugin. -->","yoast_head_json":{"title":"SHELBY F150 SUPER SNAKE 2017 OXFORD WHITE - BizCoords","robots":{"index":"index","follow":"follow","max-snippet":"max-snippet:-1","max-image-preview":"max-image-preview:large","max-video-preview":"max-video-preview:-1"},"canonical":"https:\/\/bizcoords.com\/en\/product\/shelby-f150-super-snake-2017-oxford-white\/","og_locale":"en_US","og_type":"article","og_title":"SHELBY F150 SUPER SNAKE 2017 OXFORD WHITE - BizCoords","og_description":"Kamionet Ford F-150 dizajniran za stazu? To bi moglo definirati Shelby F150 Super Snake. Ameri\u010dki proizvo\u0111a\u010d Shelby preuzeo je vo\u0111u ameri\u010dkog tr\u017ei\u0161ta ovom brutalnom verzijom automobila! Dizajniran za utrke, Shelby F150 Super Snake privla\u010di sve benzinske glave svojim agresivnim izgledom. Njegov prednji \u0161titnik potpuno je redizajniran, usis zraka i na poklopcu motora, dodano je nekoliko [&hellip;]Size: 1\/18","og_url":"https:\/\/bizcoords.com\/en\/product\/shelby-f150-super-snake-2017-oxford-white\/","og_site_name":"BizCoords","article_publisher":"https:\/\/www.facebook.com\/carmodelsshop\/","og_image":[{"width":1190,"height":280,"url":"https:\/\/bizcoords.com\/wp-content\/uploads\/2022\/07\/Baner_v6.jpg","type":"image\/jpeg"}],"twitter_card":"summary_large_image","schema":{"@context":"https:\/\/schema.org","@graph":[{"@type":"WebPage","@id":"https:\/\/bizcoords.com\/en\/product\/shelby-f150-super-snake-2017-oxford-white\/","url":"https:\/\/bizcoords.com\/en\/product\/shelby-f150-super-snake-2017-oxford-white\/","name":"SHELBY F150 SUPER SNAKE 2017 OXFORD WHITE - BizCoords","isPartOf":{"@id":"https:\/\/bizcoords.com\/en\/#website"},"primaryImageOfPage":{"@id":"https:\/\/bizcoords.com\/en\/product\/shelby-f150-super-snake-2017-oxford-white\/#primaryimage"},"image":{"@id":"https:\/\/bizcoords.com\/en\/product\/shelby-f150-super-snake-2017-oxford-white\/#primaryimage"},"thumbnailUrl":"https:\/\/bizcoords.com\/wp-content\/uploads\/2022\/07\/GT824-FL-scaled-1.jpg","datePublished":"2022-07-25T14:49:21+00:00","breadcrumb":{"@id":"https:\/\/bizcoords.com\/en\/product\/shelby-f150-super-snake-2017-oxford-white\/#breadcrumb"},"inLanguage":"en-US","potentialAction":[{"@type":"ReadAction","target":["https:\/\/bizcoords.com\/en\/product\/shelby-f150-super-snake-2017-oxford-white\/"]}]},{"@type":"ImageObject","inLanguage":"en-US","@id":"https:\/\/bizcoords.com\/en\/product\/shelby-f150-super-snake-2017-oxford-white\/#primaryimage","url":"https:\/\/bizcoords.com\/wp-content\/uploads\/2022\/07\/GT824-FL-scaled-1.jpg","contentUrl":"https:\/\/bizcoords.com\/wp-content\/uploads\/2022\/07\/GT824-FL-scaled-1.jpg","width":2560,"height":1706},{"@type":"BreadcrumbList","@id":"https:\/\/bizcoords.com\/en\/product\/shelby-f150-super-snake-2017-oxford-white\/#breadcrumb","itemListElement":[{"@type":"ListItem","position":1,"name":"Po\u010detna stranica","item":"https:\/\/bizcoords.com\/en\/shop\/"},{"@type":"ListItem","position":2,"name":"Shop","item":"https:\/\/bizcoords.com\/en\/shop\/"},{"@type":"ListItem","position":3,"name":"SHELBY F150 SUPER SNAKE 2017 OXFORD WHITE"}]},{"@type":"WebSite","@id":"https:\/\/bizcoords.com\/en\/#website","url":"https:\/\/bizcoords.com\/en\/","name":"Car models shop","description":"Najve\u0107a ponuda modela automobilia u Hrvatskoj","publisher":{"@id":"https:\/\/bizcoords.com\/en\/#organization"},"alternateName":"Carmodels","potentialAction":[{"@type":"SearchAction","target":{"@type":"EntryPoint","urlTemplate":"https:\/\/bizcoords.com\/en\/?s={search_term_string}"},"query-input":{"@type":"PropertyValueSpecification","valueRequired":true,"valueName":"search_term_string"}}],"inLanguage":"en-US"},{"@type":"Organization","@id":"https:\/\/bizcoords.com\/en\/#organization","name":"Car models shop","url":"https:\/\/bizcoords.com\/en\/","logo":{"@type":"ImageObject","inLanguage":"en-US","@id":"https:\/\/bizcoords.com\/en\/#\/schema\/logo\/image\/","url":"https:\/\/bizcoords.com\/wp-content\/uploads\/2022\/07\/logo_v1.png","contentUrl":"https:\/\/bizcoords.com\/wp-content\/uploads\/2022\/07\/logo_v1.png","width":728,"height":153,"caption":"Car models shop"},"image":{"@id":"https:\/\/bizcoords.com\/en\/#\/schema\/logo\/image\/"},"sameAs":["https:\/\/www.facebook.com\/carmodelsshop\/"]}]}},"_links":{"self":[{"href":"https:\/\/bizcoords.com\/en\/wp-json\/wp\/v2\/product\/124131","targetHints":{"allow":["GET"]}}],"collection":[{"href":"https:\/\/bizcoords.com\/en\/wp-json\/wp\/v2\/product"}],"about":[{"href":"https:\/\/bizcoords.com\/en\/wp-json\/wp\/v2\/types\/product"}],"replies":[{"embeddable":true,"href":"https:\/\/bizcoords.com\/en\/wp-json\/wp\/v2\/comments?post=124131"}],"wp:featuredmedia":[{"embeddable":true,"href":"https:\/\/bizcoords.com\/en\/wp-json\/wp\/v2\/media\/124133"}],"wp:attachment":[{"href":"https:\/\/bizcoords.com\/en\/wp-json\/wp\/v2\/media?parent=124131"}],"wp:term":[{"taxonomy":"product_brand","embeddable":true,"href":"https:\/\/bizcoords.com\/en\/wp-json\/wp\/v2\/product_brand?post=124131"},{"taxonomy":"product_cat","embeddable":true,"href":"https:\/\/bizcoords.com\/en\/wp-json\/wp\/v2\/product_cat?post=124131"},{"taxonomy":"product_tag","embeddable":true,"href":"https:\/\/bizcoords.com\/en\/wp-json\/wp\/v2\/product_tag?post=124131"},{"taxonomy":"proizvodac","embeddable":true,"href":"https:\/\/bizcoords.com\/en\/wp-json\/wp\/v2\/proizvodac?post=124131"},{"taxonomy":"stock_status","embeddable":true,"href":"https:\/\/bizcoords.com\/en\/wp-json\/wp\/v2\/stock_status?post=124131"}],"curies":[{"name":"wp","href":"https:\/\/api.w.org\/{rel}","templated":true}]}}