{"id":123953,"date":"2022-07-25T16:50:26","date_gmt":"2022-07-25T14:50:26","guid":{"rendered":"https:\/\/bizcoords.com\/product\/cmc-mercedes-benz-w165-tripolis-1939-24-caracciola\/"},"modified":"2022-07-25T16:50:26","modified_gmt":"2022-07-25T14:50:26","slug":"cmc-mercedes-benz-w165-tripolis-1939-24-caracciola","status":"publish","type":"product","link":"https:\/\/bizcoords.com\/uk\/product\/cmc-mercedes-benz-w165-tripolis-1939-24-caracciola\/","title":{"rendered":"CMC Mercedes-Benz W165, Tripolis 1939, #24, Caracciola"},"content":{"rendered":"<p>7. svibnja 1939. Hermann Lang sa startnim brojem 16 i Rudolf Caracciola sa startnim brojem 24 ostvarili su senzacionalnu dvostruku pobjedu na Grand Prixu Tripolisa. Rudolf Caracciola zavr\u0161io je drugi nakon Hermanna Langa. Ograni\u010dena na 5.000 komada, ova CMC replika nu\u017ena je za svaki kolekcionar Silver Arrow.<\/p>\n","protected":false},"excerpt":{"rendered":"<p>7. svibnja 1939. Hermann Lang sa startnim brojem 16 i Rudolf Caracciola sa startnim brojem 24 ostvarili su senzacionalnu dvostruku pobjedu na Grand Prixu Tripolisa. Rudolf Caracciola zavr\u0161io je drugi nakon Hermanna Langa. Ograni\u010dena na 5.000 komada, ova CMC replika nu\u017ena je za svaki kolekcionar Silver Arrow.\u0420\u043e\u0437\u043c\u0456\u0440: 1\/18 \u0412\u0438\u0440\u043e\u0431\u043d\u0438\u043a: CMC <\/p><\/div>\n","protected":false},"featured_media":123955,"comment_status":"closed","ping_status":"closed","template":"","meta":{"_acf_changed":false,"ocean_post_layout":"","ocean_both_sidebars_style":"","ocean_both_sidebars_content_width":0,"ocean_both_sidebars_sidebars_width":0,"ocean_sidebar":"","ocean_second_sidebar":"","ocean_disable_margins":"enable","ocean_add_body_class":"","ocean_shortcode_before_top_bar":"","ocean_shortcode_after_top_bar":"","ocean_shortcode_before_header":"","ocean_shortcode_after_header":"","ocean_has_shortcode":"","ocean_shortcode_after_title":"","ocean_shortcode_before_footer_widgets":"","ocean_shortcode_after_footer_widgets":"","ocean_shortcode_before_footer_bottom":"","ocean_shortcode_after_footer_bottom":"","ocean_display_top_bar":"default","ocean_display_header":"default","ocean_header_style":"","ocean_center_header_left_menu":"","ocean_custom_header_template":"","ocean_custom_logo":0,"ocean_custom_retina_logo":0,"ocean_custom_logo_max_width":0,"ocean_custom_logo_tablet_max_width":0,"ocean_custom_logo_mobile_max_width":0,"ocean_custom_logo_max_height":0,"ocean_custom_logo_tablet_max_height":0,"ocean_custom_logo_mobile_max_height":0,"ocean_header_custom_menu":"","ocean_menu_typo_font_family":"","ocean_menu_typo_font_subset":"","ocean_menu_typo_font_size":0,"ocean_menu_typo_font_size_tablet":0,"ocean_menu_typo_font_size_mobile":0,"ocean_menu_typo_font_size_unit":"px","ocean_menu_typo_font_weight":"","ocean_menu_typo_font_weight_tablet":"","ocean_menu_typo_font_weight_mobile":"","ocean_menu_typo_transform":"","ocean_menu_typo_transform_tablet":"","ocean_menu_typo_transform_mobile":"","ocean_menu_typo_line_height":0,"ocean_menu_typo_line_height_tablet":0,"ocean_menu_typo_line_height_mobile":0,"ocean_menu_typo_line_height_unit":"","ocean_menu_typo_spacing":0,"ocean_menu_typo_spacing_tablet":0,"ocean_menu_typo_spacing_mobile":0,"ocean_menu_typo_spacing_unit":"","ocean_menu_link_color":"","ocean_menu_link_color_hover":"","ocean_menu_link_color_active":"","ocean_menu_link_background":"","ocean_menu_link_hover_background":"","ocean_menu_link_active_background":"","ocean_menu_social_links_bg":"","ocean_menu_social_hover_links_bg":"","ocean_menu_social_links_color":"","ocean_menu_social_hover_links_color":"","ocean_disable_title":"default","ocean_disable_heading":"default","ocean_post_title":"","ocean_post_subheading":"","ocean_post_title_style":"","ocean_post_title_background_color":"","ocean_post_title_background":0,"ocean_post_title_bg_image_position":"","ocean_post_title_bg_image_attachment":"","ocean_post_title_bg_image_repeat":"","ocean_post_title_bg_image_size":"","ocean_post_title_height":0,"ocean_post_title_bg_overlay":0.5,"ocean_post_title_bg_overlay_color":"","ocean_disable_breadcrumbs":"default","ocean_breadcrumbs_color":"","ocean_breadcrumbs_separator_color":"","ocean_breadcrumbs_links_color":"","ocean_breadcrumbs_links_hover_color":"","ocean_display_footer_widgets":"default","ocean_display_footer_bottom":"default","ocean_custom_footer_template":""},"product_brand":[],"product_cat":[14729],"product_tag":[],"proizvodac":[],"stock_status":[61282],"class_list":{"0":"post-123953","1":"product","2":"type-product","3":"status-publish","4":"has-post-thumbnail","6":"product_cat-14729","7":"pa_brand-mercedes-benz","8":"pa_limited-limited-edition-5000-pcs","9":"pa_materijal-14860","10":"pa_model-w-165","11":"pa_proizvodac-cmc","12":"pa_sezona-1930-1939","13":"pa_status-na-zalihi","14":"pa_tvornicki-broj-m-074","15":"pa_velicina-1-18","16":"pa_verzija-cmc-mercedes-benz-w165-tripolis-1939-_24-caracciola","17":"pa_vrsta-touring-sports-cars","18":"stock_status-na-zalihi","20":"entry","21":"has-media","23":"first","24":"instock","25":"taxable","26":"shipping-taxable","27":"product-type-simple","28":"has-product-nav","29":"col","30":"span_1_of_1","31":"owp-content-center","32":"owp-thumbs-layout-horizontal","33":"owp-btn-normal","34":"owp-tabs-layout-horizontal"},"acf":[],"yoast_head":"<!-- This site is optimized with the Yoast SEO plugin v27.3 - https:\/\/yoast.com\/product\/yoast-seo-wordpress\/ -->\n<title>CMC Mercedes-Benz W165, Tripolis 1939, #24, Caracciola - BizCoords<\/title>\n<meta name=\"robots\" content=\"index, follow, max-snippet:-1, max-image-preview:large, max-video-preview:-1\" \/>\n<link rel=\"canonical\" href=\"https:\/\/bizcoords.com\/uk\/product\/cmc-mercedes-benz-w165-tripolis-1939-24-caracciola\/\" \/>\n<meta property=\"og:locale\" content=\"uk_UA\" \/>\n<meta property=\"og:type\" content=\"article\" \/>\n<meta property=\"og:title\" content=\"CMC Mercedes-Benz W165, Tripolis 1939, #24, Caracciola - BizCoords\" \/>\n<meta property=\"og:description\" content=\"7. svibnja 1939. Hermann Lang sa startnim brojem 16 i Rudolf Caracciola sa startnim brojem 24 ostvarili su senzacionalnu dvostruku pobjedu na Grand Prixu Tripolisa. Rudolf Caracciola zavr\u0161io je drugi nakon Hermanna Langa. Ograni\u010dena na 5.000 komada, ova CMC replika nu\u017ena je za svaki kolekcionar Silver Arrow.\u0420\u043e\u0437\u043c\u0456\u0440: 1\/18 \u0412\u0438\u0440\u043e\u0431\u043d\u0438\u043a: CMC\" \/>\n<meta property=\"og:url\" content=\"https:\/\/bizcoords.com\/uk\/product\/cmc-mercedes-benz-w165-tripolis-1939-24-caracciola\/\" \/>\n<meta property=\"og:site_name\" content=\"BizCoords\" \/>\n<meta property=\"article:publisher\" content=\"https:\/\/www.facebook.com\/carmodelsshop\/\" \/>\n<meta property=\"og:image\" content=\"https:\/\/bizcoords.com\/wp-content\/uploads\/2022\/07\/Baner_v6.jpg\" \/>\n\t<meta property=\"og:image:width\" content=\"1190\" \/>\n\t<meta property=\"og:image:height\" content=\"280\" \/>\n\t<meta property=\"og:image:type\" content=\"image\/jpeg\" \/>\n<meta name=\"twitter:card\" content=\"summary_large_image\" \/>\n<script type=\"application\/ld+json\" class=\"yoast-schema-graph\">{\"@context\":\"https:\\\/\\\/schema.org\",\"@graph\":[{\"@type\":\"WebPage\",\"@id\":\"https:\\\/\\\/bizcoords.com\\\/uk\\\/product\\\/cmc-mercedes-benz-w165-tripolis-1939-24-caracciola\\\/\",\"url\":\"https:\\\/\\\/bizcoords.com\\\/uk\\\/product\\\/cmc-mercedes-benz-w165-tripolis-1939-24-caracciola\\\/\",\"name\":\"CMC Mercedes-Benz W165, Tripolis 1939, #24, Caracciola - BizCoords\",\"isPartOf\":{\"@id\":\"https:\\\/\\\/bizcoords.com\\\/uk\\\/#website\"},\"primaryImageOfPage\":{\"@id\":\"https:\\\/\\\/bizcoords.com\\\/uk\\\/product\\\/cmc-mercedes-benz-w165-tripolis-1939-24-caracciola\\\/#primaryimage\"},\"image\":{\"@id\":\"https:\\\/\\\/bizcoords.com\\\/uk\\\/product\\\/cmc-mercedes-benz-w165-tripolis-1939-24-caracciola\\\/#primaryimage\"},\"thumbnailUrl\":\"https:\\\/\\\/bizcoords.com\\\/wp-content\\\/uploads\\\/2022\\\/07\\\/m-074_print-1.jpg\",\"datePublished\":\"2022-07-25T14:50:26+00:00\",\"breadcrumb\":{\"@id\":\"https:\\\/\\\/bizcoords.com\\\/uk\\\/product\\\/cmc-mercedes-benz-w165-tripolis-1939-24-caracciola\\\/#breadcrumb\"},\"inLanguage\":\"uk\",\"potentialAction\":[{\"@type\":\"ReadAction\",\"target\":[\"https:\\\/\\\/bizcoords.com\\\/uk\\\/product\\\/cmc-mercedes-benz-w165-tripolis-1939-24-caracciola\\\/\"]}]},{\"@type\":\"ImageObject\",\"inLanguage\":\"uk\",\"@id\":\"https:\\\/\\\/bizcoords.com\\\/uk\\\/product\\\/cmc-mercedes-benz-w165-tripolis-1939-24-caracciola\\\/#primaryimage\",\"url\":\"https:\\\/\\\/bizcoords.com\\\/wp-content\\\/uploads\\\/2022\\\/07\\\/m-074_print-1.jpg\",\"contentUrl\":\"https:\\\/\\\/bizcoords.com\\\/wp-content\\\/uploads\\\/2022\\\/07\\\/m-074_print-1.jpg\",\"width\":1500,\"height\":760},{\"@type\":\"BreadcrumbList\",\"@id\":\"https:\\\/\\\/bizcoords.com\\\/uk\\\/product\\\/cmc-mercedes-benz-w165-tripolis-1939-24-caracciola\\\/#breadcrumb\",\"itemListElement\":[{\"@type\":\"ListItem\",\"position\":1,\"name\":\"Po\u010detna stranica\",\"item\":\"https:\\\/\\\/bizcoords.com\\\/uk\\\/%d0%bc%d0%b0%d0%b3%d0%b0%d0%b7%d0%b8%d0%bd\\\/\"},{\"@type\":\"ListItem\",\"position\":2,\"name\":\"\u041c\u0430\u0433\u0430\u0437\u0438\u043d\",\"item\":\"https:\\\/\\\/bizcoords.com\\\/uk\\\/%d0%bc%d0%b0%d0%b3%d0%b0%d0%b7%d0%b8%d0%bd\\\/\"},{\"@type\":\"ListItem\",\"position\":3,\"name\":\"CMC Mercedes-Benz W165, Tripolis 1939, #24, Caracciola\"}]},{\"@type\":\"WebSite\",\"@id\":\"https:\\\/\\\/bizcoords.com\\\/uk\\\/#website\",\"url\":\"https:\\\/\\\/bizcoords.com\\\/uk\\\/\",\"name\":\"Car models shop\",\"description\":\"Najve\u0107a ponuda modela automobilia u Hrvatskoj\",\"publisher\":{\"@id\":\"https:\\\/\\\/bizcoords.com\\\/uk\\\/#organization\"},\"alternateName\":\"Carmodels\",\"potentialAction\":[{\"@type\":\"SearchAction\",\"target\":{\"@type\":\"EntryPoint\",\"urlTemplate\":\"https:\\\/\\\/bizcoords.com\\\/uk\\\/?s={search_term_string}\"},\"query-input\":{\"@type\":\"PropertyValueSpecification\",\"valueRequired\":true,\"valueName\":\"search_term_string\"}}],\"inLanguage\":\"uk\"},{\"@type\":\"Organization\",\"@id\":\"https:\\\/\\\/bizcoords.com\\\/uk\\\/#organization\",\"name\":\"Car models shop\",\"url\":\"https:\\\/\\\/bizcoords.com\\\/uk\\\/\",\"logo\":{\"@type\":\"ImageObject\",\"inLanguage\":\"uk\",\"@id\":\"https:\\\/\\\/bizcoords.com\\\/uk\\\/#\\\/schema\\\/logo\\\/image\\\/\",\"url\":\"https:\\\/\\\/bizcoords.com\\\/wp-content\\\/uploads\\\/2022\\\/07\\\/logo_v1.png\",\"contentUrl\":\"https:\\\/\\\/bizcoords.com\\\/wp-content\\\/uploads\\\/2022\\\/07\\\/logo_v1.png\",\"width\":728,\"height\":153,\"caption\":\"Car models shop\"},\"image\":{\"@id\":\"https:\\\/\\\/bizcoords.com\\\/uk\\\/#\\\/schema\\\/logo\\\/image\\\/\"},\"sameAs\":[\"https:\\\/\\\/www.facebook.com\\\/carmodelsshop\\\/\"]}]}<\/script>\n<!-- \/ Yoast SEO plugin. -->","yoast_head_json":{"title":"CMC Mercedes-Benz W165, Tripolis 1939, #24, Caracciola - BizCoords","robots":{"index":"index","follow":"follow","max-snippet":"max-snippet:-1","max-image-preview":"max-image-preview:large","max-video-preview":"max-video-preview:-1"},"canonical":"https:\/\/bizcoords.com\/uk\/product\/cmc-mercedes-benz-w165-tripolis-1939-24-caracciola\/","og_locale":"uk_UA","og_type":"article","og_title":"CMC Mercedes-Benz W165, Tripolis 1939, #24, Caracciola - BizCoords","og_description":"7. svibnja 1939. Hermann Lang sa startnim brojem 16 i Rudolf Caracciola sa startnim brojem 24 ostvarili su senzacionalnu dvostruku pobjedu na Grand Prixu Tripolisa. Rudolf Caracciola zavr\u0161io je drugi nakon Hermanna Langa. Ograni\u010dena na 5.000 komada, ova CMC replika nu\u017ena je za svaki kolekcionar Silver Arrow.\u0420\u043e\u0437\u043c\u0456\u0440: 1\/18 \u0412\u0438\u0440\u043e\u0431\u043d\u0438\u043a: CMC","og_url":"https:\/\/bizcoords.com\/uk\/product\/cmc-mercedes-benz-w165-tripolis-1939-24-caracciola\/","og_site_name":"BizCoords","article_publisher":"https:\/\/www.facebook.com\/carmodelsshop\/","og_image":[{"width":1190,"height":280,"url":"https:\/\/bizcoords.com\/wp-content\/uploads\/2022\/07\/Baner_v6.jpg","type":"image\/jpeg"}],"twitter_card":"summary_large_image","schema":{"@context":"https:\/\/schema.org","@graph":[{"@type":"WebPage","@id":"https:\/\/bizcoords.com\/uk\/product\/cmc-mercedes-benz-w165-tripolis-1939-24-caracciola\/","url":"https:\/\/bizcoords.com\/uk\/product\/cmc-mercedes-benz-w165-tripolis-1939-24-caracciola\/","name":"CMC Mercedes-Benz W165, Tripolis 1939, #24, Caracciola - BizCoords","isPartOf":{"@id":"https:\/\/bizcoords.com\/uk\/#website"},"primaryImageOfPage":{"@id":"https:\/\/bizcoords.com\/uk\/product\/cmc-mercedes-benz-w165-tripolis-1939-24-caracciola\/#primaryimage"},"image":{"@id":"https:\/\/bizcoords.com\/uk\/product\/cmc-mercedes-benz-w165-tripolis-1939-24-caracciola\/#primaryimage"},"thumbnailUrl":"https:\/\/bizcoords.com\/wp-content\/uploads\/2022\/07\/m-074_print-1.jpg","datePublished":"2022-07-25T14:50:26+00:00","breadcrumb":{"@id":"https:\/\/bizcoords.com\/uk\/product\/cmc-mercedes-benz-w165-tripolis-1939-24-caracciola\/#breadcrumb"},"inLanguage":"uk","potentialAction":[{"@type":"ReadAction","target":["https:\/\/bizcoords.com\/uk\/product\/cmc-mercedes-benz-w165-tripolis-1939-24-caracciola\/"]}]},{"@type":"ImageObject","inLanguage":"uk","@id":"https:\/\/bizcoords.com\/uk\/product\/cmc-mercedes-benz-w165-tripolis-1939-24-caracciola\/#primaryimage","url":"https:\/\/bizcoords.com\/wp-content\/uploads\/2022\/07\/m-074_print-1.jpg","contentUrl":"https:\/\/bizcoords.com\/wp-content\/uploads\/2022\/07\/m-074_print-1.jpg","width":1500,"height":760},{"@type":"BreadcrumbList","@id":"https:\/\/bizcoords.com\/uk\/product\/cmc-mercedes-benz-w165-tripolis-1939-24-caracciola\/#breadcrumb","itemListElement":[{"@type":"ListItem","position":1,"name":"Po\u010detna stranica","item":"https:\/\/bizcoords.com\/uk\/%d0%bc%d0%b0%d0%b3%d0%b0%d0%b7%d0%b8%d0%bd\/"},{"@type":"ListItem","position":2,"name":"\u041c\u0430\u0433\u0430\u0437\u0438\u043d","item":"https:\/\/bizcoords.com\/uk\/%d0%bc%d0%b0%d0%b3%d0%b0%d0%b7%d0%b8%d0%bd\/"},{"@type":"ListItem","position":3,"name":"CMC Mercedes-Benz W165, Tripolis 1939, #24, Caracciola"}]},{"@type":"WebSite","@id":"https:\/\/bizcoords.com\/uk\/#website","url":"https:\/\/bizcoords.com\/uk\/","name":"Car models shop","description":"Najve\u0107a ponuda modela automobilia u Hrvatskoj","publisher":{"@id":"https:\/\/bizcoords.com\/uk\/#organization"},"alternateName":"Carmodels","potentialAction":[{"@type":"SearchAction","target":{"@type":"EntryPoint","urlTemplate":"https:\/\/bizcoords.com\/uk\/?s={search_term_string}"},"query-input":{"@type":"PropertyValueSpecification","valueRequired":true,"valueName":"search_term_string"}}],"inLanguage":"uk"},{"@type":"Organization","@id":"https:\/\/bizcoords.com\/uk\/#organization","name":"Car models shop","url":"https:\/\/bizcoords.com\/uk\/","logo":{"@type":"ImageObject","inLanguage":"uk","@id":"https:\/\/bizcoords.com\/uk\/#\/schema\/logo\/image\/","url":"https:\/\/bizcoords.com\/wp-content\/uploads\/2022\/07\/logo_v1.png","contentUrl":"https:\/\/bizcoords.com\/wp-content\/uploads\/2022\/07\/logo_v1.png","width":728,"height":153,"caption":"Car models shop"},"image":{"@id":"https:\/\/bizcoords.com\/uk\/#\/schema\/logo\/image\/"},"sameAs":["https:\/\/www.facebook.com\/carmodelsshop\/"]}]}},"_links":{"self":[{"href":"https:\/\/bizcoords.com\/uk\/wp-json\/wp\/v2\/product\/123953","targetHints":{"allow":["GET"]}}],"collection":[{"href":"https:\/\/bizcoords.com\/uk\/wp-json\/wp\/v2\/product"}],"about":[{"href":"https:\/\/bizcoords.com\/uk\/wp-json\/wp\/v2\/types\/product"}],"replies":[{"embeddable":true,"href":"https:\/\/bizcoords.com\/uk\/wp-json\/wp\/v2\/comments?post=123953"}],"wp:featuredmedia":[{"embeddable":true,"href":"https:\/\/bizcoords.com\/uk\/wp-json\/wp\/v2\/media\/123955"}],"wp:attachment":[{"href":"https:\/\/bizcoords.com\/uk\/wp-json\/wp\/v2\/media?parent=123953"}],"wp:term":[{"taxonomy":"product_brand","embeddable":true,"href":"https:\/\/bizcoords.com\/uk\/wp-json\/wp\/v2\/product_brand?post=123953"},{"taxonomy":"product_cat","embeddable":true,"href":"https:\/\/bizcoords.com\/uk\/wp-json\/wp\/v2\/product_cat?post=123953"},{"taxonomy":"product_tag","embeddable":true,"href":"https:\/\/bizcoords.com\/uk\/wp-json\/wp\/v2\/product_tag?post=123953"},{"taxonomy":"proizvodac","embeddable":true,"href":"https:\/\/bizcoords.com\/uk\/wp-json\/wp\/v2\/proizvodac?post=123953"},{"taxonomy":"stock_status","embeddable":true,"href":"https:\/\/bizcoords.com\/uk\/wp-json\/wp\/v2\/stock_status?post=123953"}],"curies":[{"name":"wp","href":"https:\/\/api.w.org\/{rel}","templated":true}]}}